{"id":16438,"date":"2024-10-12T08:35:54","date_gmt":"2024-10-12T08:35:54","guid":{"rendered":"https:\/\/tr.nurxos.net\/?post_type=product&#038;p=16438"},"modified":"2026-04-01T06:19:06","modified_gmt":"2026-04-01T06:19:06","slug":"cherry-shower-gel","status":"publish","type":"product","link":"https:\/\/nurxos.net\/en\/product\/cherry-shower-gel\/","title":{"rendered":"Cherry Shower Gel 300 ML"},"content":{"rendered":"<p><strong>Cherry Shower Gel<\/strong> (Kiraz Du\u015f Jeli), Nurxos taraf\u0131ndan g\u00fcnl\u00fck rutininize meyvemsi bir canl\u0131l\u0131k ve profesyonel d\u00fczeyde temizlik getirmek \u00fczere \u00f6zel olarak tasarlanm\u0131\u015f, sofistike bir ki\u015fisel bak\u0131m ifadesidir. <a href=\"https:\/\/nurxos.net\/en\/product-category\/body-line\/body-shower-gel\/\" rel=\"follow\">Du\u015f Jeli koleksiyonumuzun<\/a> \u00f6nde gelen par\u00e7alar\u0131ndan biri olan bu 300 ml&#8217;lik \u00fcniseks form\u00fcl, derinlemesine ve ferahlat\u0131c\u0131 bir ar\u0131nma ile uzun s\u00fcre kal\u0131c\u0131 aromatik bir koku izi (sillage) aras\u0131ndaki dengeyi takdir edenler i\u00e7in k\u00fcrat\u00f6rl\u00fc\u011f\u00fcn\u00fc yapm\u0131\u015ft\u0131r. <strong>Cherry Shower Gel<\/strong>&#8216;in her uygulamas\u0131, geli\u015fmi\u015f <a href=\"https:\/\/en.wikipedia.org\/wiki\/Cosmetic_science\" target=\"_blank\" rel=\"noopener\">kozmetik bilimi<\/a> kullan\u0131larak geli\u015ftirilmi\u015ftir; bu sayede cildinizin do\u011fal biyolojik dengesini koruyan besleyici i\u00e7eriklerle i\u015flenmesini sa\u011flarken y\u00fcksek \u00e7\u00f6z\u00fcn\u00fcrl\u00fckl\u00fc bir koku deneyimi sunar.<\/p>\n<h3>Cherry Kimli\u011fi: Tatl\u0131l\u0131k ve Zarafetin Senfonisi<\/h3>\n<p><a href=\"https:\/\/en.wikipedia.org\/wiki\/Hygiene\" target=\"_blank\" rel=\"noopener\">Ki\u015fisel hijyen<\/a> ve zindelik d\u00fcnyas\u0131nda, v\u00fccut \u015fampuan\u0131n\u0131z\u0131n kalitesi, g\u00fcnl\u00fck \u00f6zg\u00fcvenli duru\u015funuzun temelidir. <strong>Cherry Shower Gel<\/strong>, cildin do\u011fal nem bariyerine sayg\u0131 duyan nazik ama etkili bir temizlik s\u00fcreci sa\u011flar. Bu jel, \u00e7ile\u011fin oyuncu enerjisini ve \u015feftalinin kadifemsi yumu\u015fakl\u0131\u011f\u0131n\u0131 banyo anlar\u0131n\u0131za ta\u015f\u0131man\u0131za olanak tan\u0131yan s\u0131v\u0131 bir s\u0131\u011f\u0131nak g\u00f6revi g\u00f6r\u00fcr. Uzmanla\u015fm\u0131\u015f <a href=\"https:\/\/nurxos.net\/en\/product-category\/body-line\/body-shower-gel\/\" rel=\"follow\">l\u00fcks temizleme jellerimizi<\/a> se\u00e7erek, canl\u0131 meyvemsili\u011fin ve dermatolojik bak\u0131m\u0131n kusursuzca birle\u015fti\u011fi bir ya\u015fam tarz\u0131na yat\u0131r\u0131m yapar, rutin bir g\u00f6revi ola\u011fan\u00fcst\u00fc bir \u00f6z \u015fefkat rit\u00fceline d\u00f6n\u00fc\u015ft\u00fcr\u00fcrs\u00fcn\u00fcz.<\/p>\n<h3>Olfaktif Profil: Meyve ve Miskin \u00c7ok Katmanl\u0131 Yolculu\u011fu<\/h3>\n<p><strong>Cherry Shower Gel<\/strong>, s\u0131cak suyun karma\u015f\u0131k botanik notalar\u0131 serbest b\u0131rakmas\u0131yla harika bir \u015fekilde a\u00e7\u0131lan &#8220;Tatl\u0131-Meyvemsi-Miskli&#8221; bir anlat\u0131 ile karakterize edilir:<\/p>\n<h4>\u00dcst Notalar: Canl\u0131 ve Meyvemsi Uyan\u0131\u015f<\/h4>\n<p>Rit\u00fcelinize ba\u015flad\u0131\u011f\u0131n\u0131z anda, hava y\u00fcksek \u00e7\u00f6z\u00fcn\u00fcrl\u00fckl\u00fc bir enerji patlamas\u0131yla canlan\u0131r:<\/p>\n<ul>\n<li><strong>Strawberry &amp; Peach (\u00c7ilek ve \u015eeftali):<\/strong> Ruh halini an\u0131nda y\u00fckselten ve zihni berrakla\u015ft\u0131ran, g\u00fcne\u015fle dolgunla\u015fm\u0131\u015f bir parlakl\u0131k ve sulu bir tatl\u0131l\u0131k sa\u011flar. Bu notalar, <strong>Cherry Shower Gel<\/strong>&#8216;in g\u00fcne canl\u0131 ve ferahlat\u0131c\u0131 bir ba\u015flang\u0131\u00e7 sunmas\u0131n\u0131 sa\u011flar.<\/li>\n<\/ul>\n<h4>Orta Notalar: Tatl\u0131 Uyumun Kalbi<\/h4>\n<p>Zengin ve kremsi k\u00f6p\u00fck olu\u015ftuk\u00e7a, kokunun kalbi sofistike ve rahatlat\u0131c\u0131 merkezini a\u00e7\u0131\u011fa \u00e7\u0131kar\u0131r:<\/p>\n<ul>\n<li><strong>Sweet Accords (Tatl\u0131 Akorlar):<\/strong> Bu a\u015fama, <a href=\"https:\/\/en.wikipedia.org\/wiki\/Aromatherapy\" target=\"_blank\" rel=\"noopener\">aromaterapi<\/a> d\u00fcnyas\u0131nda ruh halini iyile\u015ftirici \u00f6zellikleriyle bilimsel olarak tan\u0131nan, banyo s\u0131ras\u0131nda &#8220;Oyuncu bir Sofistike&#8221; hissini te\u015fvik eden kadifemsi bir tatl\u0131l\u0131k sunar.<\/li>\n<\/ul>\n<h4>Alt Notalar: K\u00f6kl\u00fc ve Duyusal Biti\u015f<\/h4>\n<p>Durulama a\u015famas\u0131nda, derin ve asil alt notalar cilde yerle\u015ferek kal\u0131c\u0131 bir konfor hissi sa\u011flar:<\/p>\n<ul>\n<li><strong>White Musk (Beyaz Misk):<\/strong> \u00d6zg\u00fcven ve sessiz bir g\u00fc\u00e7 yans\u0131tan temiz, yap\u0131sal bir temel sa\u011flar. Bu, <strong>Cherry Shower Gel<\/strong>&#8216;in du\u015ftan \u00e7\u0131kt\u0131ktan uzun s\u00fcre sonra bile ciltte &#8220;ipeksi&#8221; bir doku ve sofistike bir iz b\u0131rakmas\u0131n\u0131 sa\u011flar.<\/li>\n<\/ul>\n<h3>NURXOS ile Profesyonel Cilt Kondisyonlama<\/h3>\n<p>T\u00fcm cilt tipleri i\u00e7in tasarlanan <strong>Cherry Shower Gel<\/strong>, temel temizli\u011fin \u00f6tesine ge\u00e7er. Form\u00fcl, <a href=\"https:\/\/en.wikipedia.org\/wiki\/Hydration\" target=\"_blank\" rel=\"noopener\">cilt hidrasyonunu<\/a> destekleyen, v\u00fccudunuzun yenilenmi\u015f ve dokunulas\u0131 p\u00fcr\u00fczs\u00fczl\u00fckte hissetmesini sa\u011flayan nemlendirici ajanlarla zenginle\u015ftirilmi\u015ftir. <a href=\"https:\/\/nurxos.net\/en\/product-category\/body-line\/body-shower-gel\/\" rel=\"follow\">Aromatik v\u00fccut \u015fampuan\u0131m\u0131z\u0131<\/a> ya\u015fam tarz\u0131n\u0131za dahil ederek, cilt sa\u011fl\u0131\u011f\u0131na \u00f6ncelik verirken l\u00fcks parf\u00fcmeri ile yar\u0131\u015fan bir olfaktif deneyim sunan bir \u00fcr\u00fcn\u00fc tercih etmi\u015f olursunuz.<\/p>\n<h3>Nurxos S\u00f6z\u00fc: Her Damlada Kalite<\/h3>\n<p>Nurxos&#8217;ta ki\u015fisel bak\u0131m\u0131n \u00f6z sayg\u0131n\u0131n bir dire\u011fi oldu\u011funa inan\u0131yoruz. <strong>Cherry Shower Gel<\/strong>, y\u00fcksek kaliteli, g\u00fcvenli ve etik kaynakl\u0131 aromatik ya\u011flar kullanma konusundaki kararl\u0131l\u0131\u011f\u0131m\u0131z\u0131n bir sonucudur. Ruh halinize uygun m\u00fckemmel kokuyu bulmak i\u00e7in geni\u015f <a href=\"https:\/\/nurxos.net\/en\/product-category\/body-line\/body-shower-gel\/\" rel=\"follow\">Du\u015f Jeli Kutusu<\/a> koleksiyonumuza g\u00f6z atmaya davet ediyoruz. Sonu\u00e7 olarak, bu 300 ml&#8217;lik \u015faheser \u00e7ilek, \u015feftali ve miski kal\u0131c\u0131 bir zarafet varl\u0131\u011f\u0131na d\u00f6n\u00fc\u015ft\u00fcrerek g\u00fcn boyu ferah ve \u00f6zg\u00fcvenli kalman\u0131z\u0131 sa\u011flar.<\/p>\n","protected":false},"excerpt":{"rendered":"<p><b data-path-to-node=\"8\" data-index-in-node=\"19\">Cherry Shower Gel<\/b> by Nurxos transforms your daily hygiene into a playful and luxurious escape, capturing the vibrant essence of summer fruits in every drop. This 300 ml rich and foamy gel gently purifies the skin while providing deep hydration through its blend of strawberry, peach, and sweet accords. Designed for men, women, and unisex use, <b data-path-to-node=\"8\" data-index-in-node=\"363\">Cherry Shower Gel<\/b> leaves your body feeling touchably soft and delicately fragranced with a lingering touch of musk, making it the perfect choice for an uplifting morning start or a relaxing evening ritual.<\/p>\n","protected":false},"featured_media":16485,"comment_status":"open","ping_status":"closed","template":"","meta":[],"product_brand":[],"product_cat":[87,20],"product_tag":[],"class_list":{"0":"post-16438","1":"product","2":"type-product","3":"status-publish","4":"has-post-thumbnail","6":"product_cat-body-line","7":"product_cat-body-shower-gel","9":"first","10":"instock","11":"shipping-taxable","12":"purchasable","13":"product-type-simple"},"_links":{"self":[{"href":"https:\/\/nurxos.net\/en\/wp-json\/wp\/v2\/product\/16438","targetHints":{"allow":["GET"]}}],"collection":[{"href":"https:\/\/nurxos.net\/en\/wp-json\/wp\/v2\/product"}],"about":[{"href":"https:\/\/nurxos.net\/en\/wp-json\/wp\/v2\/types\/product"}],"replies":[{"embeddable":true,"href":"https:\/\/nurxos.net\/en\/wp-json\/wp\/v2\/comments?post=16438"}],"version-history":[{"count":4,"href":"https:\/\/nurxos.net\/en\/wp-json\/wp\/v2\/product\/16438\/revisions"}],"predecessor-version":[{"id":26086,"href":"https:\/\/nurxos.net\/en\/wp-json\/wp\/v2\/product\/16438\/revisions\/26086"}],"wp:featuredmedia":[{"embeddable":true,"href":"https:\/\/nurxos.net\/en\/wp-json\/wp\/v2\/media\/16485"}],"wp:attachment":[{"href":"https:\/\/nurxos.net\/en\/wp-json\/wp\/v2\/media?parent=16438"}],"wp:term":[{"taxonomy":"product_brand","embeddable":true,"href":"https:\/\/nurxos.net\/en\/wp-json\/wp\/v2\/product_brand?post=16438"},{"taxonomy":"product_cat","embeddable":true,"href":"https:\/\/nurxos.net\/en\/wp-json\/wp\/v2\/product_cat?post=16438"},{"taxonomy":"product_tag","embeddable":true,"href":"https:\/\/nurxos.net\/en\/wp-json\/wp\/v2\/product_tag?post=16438"}],"curies":[{"name":"wp","href":"https:\/\/api.w.org\/{rel}","templated":true}]}}